{"id":226151,"date":"2022-12-14T13:24:11","date_gmt":"2022-12-14T13:24:11","guid":{"rendered":"https:\/\/www.csantantoni.com\/politica-de-qualitat\/"},"modified":"2026-02-02T11:49:20","modified_gmt":"2026-02-02T11:49:20","slug":"politica-de-qualitat","status":"publish","type":"page","link":"https:\/\/www.csantantoni.com\/ca\/politica-de-qualitat\/","title":{"rendered":"Pol\u00edtica de qualitat"},"content":{"rendered":"<p>[et_pb_section fb_built=&#8221;1&#8243; custom_padding_last_edited=&#8221;on|phone&#8221; admin_label=&#8221;Header&#8221; _builder_version=&#8221;4.19.5&#8243; _module_preset=&#8221;default&#8221; background_color=&#8221;#E1E9E5&#8243; background_image=&#8221;https:\/\/www.csantantoni.com\/wp-content\/uploads\/2023\/01\/politica_de_calidad.jpg&#8221; max_height_tablet=&#8221;&#8221; max_height_phone=&#8221;420px&#8221; max_height_last_edited=&#8221;on|phone&#8221; overflow-x=&#8221;hidden&#8221; overflow-y=&#8221;hidden&#8221; custom_padding=&#8221;175px||240px||false|false&#8221; custom_padding_tablet=&#8221;175px||240px||false|false&#8221; custom_padding_phone=&#8221;175px||100px||false|false&#8221; collapsed=&#8221;off&#8221; global_colors_info=&#8221;{}&#8221;][et_pb_row _builder_version=&#8221;4.19.5&#8243; _module_preset=&#8221;default&#8221; background_color=&#8221;rgba(0,0,0,0.2)&#8221; width_tablet=&#8221;&#8221; width_phone=&#8221;100%&#8221; width_last_edited=&#8221;on|phone&#8221; custom_padding=&#8221;0px|||||&#8221; global_colors_info=&#8221;{}&#8221;][et_pb_column type=&#8221;4_4&#8243; _builder_version=&#8221;4.17.4&#8243; _module_preset=&#8221;default&#8221; global_colors_info=&#8221;{}&#8221;][et_pb_text _builder_version=&#8221;4.19.5&#8243; _module_preset=&#8221;c16985e1-e0d6-4022-964d-e2bfc04fa633&#8243; text_text_color=&#8221;#000000&#8243; header_font=&#8221;Montserrat|700|||||||&#8221; header_text_align=&#8221;right&#8221; header_text_color=&#8221;#FFFFFF&#8221; header_font_size=&#8221;96px&#8221; header_line_height=&#8221;0.9em&#8221; text_orientation=&#8221;center&#8221; custom_padding=&#8221;20px|20px|20px||true|false&#8221; header_font_size_tablet=&#8221;40px&#8221; header_font_size_phone=&#8221;30px&#8221; header_font_size_last_edited=&#8221;on|phone&#8221; global_colors_info=&#8221;{}&#8221;]<\/p>\n<h1 style=\"text-align: right;\">Pol\u00edtica de qualitat<\/h1>\n<p>[\/et_pb_text][\/et_pb_column][\/et_pb_row][\/et_pb_section][et_pb_section fb_built=&#8221;1&#8243; admin_label=&#8221;About&#8221; _builder_version=&#8221;4.17.4&#8243; _module_preset=&#8221;default&#8221; custom_padding=&#8221;78px||62px|||&#8221; locked=&#8221;off&#8221; collapsed=&#8221;on&#8221; global_colors_info=&#8221;{}&#8221;][et_pb_row _builder_version=&#8221;4.18.0&#8243; _module_preset=&#8221;default&#8221; global_colors_info=&#8221;{}&#8221;][et_pb_column type=&#8221;4_4&#8243; _builder_version=&#8221;4.18.0&#8243; _module_preset=&#8221;default&#8221; global_colors_info=&#8221;{}&#8221;][et_pb_text _builder_version=&#8221;4.19.3&#8243; _module_preset=&#8221;83d94e9b-bff8-4c15-9e33-e7b1a7a21887&#8243; header_2_font=&#8221;Montserrat|600|||||||&#8221; header_2_text_align=&#8221;center&#8221; header_2_text_color=&#8221;#006535&#8243; header_2_font_size=&#8221;48px&#8221; header_2_letter_spacing=&#8221;-1px&#8221; header_2_line_height=&#8221;1.2em&#8221; custom_margin=&#8221;||15px||false|false&#8221; header_2_font_size_tablet=&#8221;32px&#8221; header_2_font_size_phone=&#8221;20px&#8221; header_2_font_size_last_edited=&#8221;on|phone&#8221; locked=&#8221;off&#8221; global_colors_info=&#8221;{}&#8221;]<\/p>\n<h2 style=\"text-align: center;\">Pol\u00edtica de qualitat<\/h2>\n<p>[\/et_pb_text][et_pb_text _builder_version=&#8221;4.19.3&#8243; _module_preset=&#8221;default&#8221; text_font=&#8221;Montserrat||||||||&#8221; global_colors_info=&#8221;{}&#8221;]<\/p>\n<p>A continuaci\u00f3 es descriu la Pol\u00edtica de la Qualitat de CL\u00cdNICA SANT ANTONI, que estableix els fonaments de la qualitat del servei i que estableix els objectius per a la millora cont\u00ednua del Sistema de Gesti\u00f3 de la Qualitat:<\/p>\n<p><\/p>\n<p>&nbsp;<\/p>\n<p><\/p>\n<ul>\n<li>Aconseguir la satisfacci\u00f3 d&#8217;usuaris i fam\u00edlies<\/li>\n<li>Recuperaci\u00f3 funcional i cognitiva dels pacients<\/li>\n<li>Tracte adequat i accessibilitat als professionals<\/li>\n<li>Garantir la seguretat assistencial<\/li>\n<li>Informaci\u00f3 assistencial i de funcionament del centre<\/li>\n<li>Cobertura de necessitats b\u00e0siques: confort, intimitat, menjar, descans, neteja<\/li>\n<li>Proporcionar benestar al final de la vida<\/li>\n<li>Planificaci\u00f3 i orientaci\u00f3 dels recursos socials a l&#8217;alta<\/li>\n<li>Oferir el temps d&#8217;estada necessari<\/li>\n<li>Compliment dels requisits i est\u00e0ndards de qualitat propis i els establerts per l&#8217;Administraci\u00f3 P\u00fablica. <\/li>\n<li>L&#8217;organitzaci\u00f3 t\u00e9 el comprom\u00eds de millora cont\u00ednua del sistema de gesti\u00f3 de la qualitat.<\/li>\n<\/ul>\n<p>[\/et_pb_text][\/et_pb_column][\/et_pb_row][\/et_pb_section]<\/p>\n","protected":false},"excerpt":{"rendered":"<p>Pol\u00edtica de qualitatPol\u00edtica de qualitatA continuaci\u00f3 es descriu la Pol\u00edtica de la Qualitat de CL\u00cdNICA SANT ANTONI, que estableix els fonaments de la qualitat del servei i que estableix els objectius per a la millora cont\u00ednua del Sistema de Gesti\u00f3 de la Qualitat:&nbsp; Aconseguir la satisfacci\u00f3 d&#8217;usuaris i fam\u00edlies Recuperaci\u00f3 funcional i cognitiva dels pacients [&hellip;]<\/p>\n","protected":false},"author":2,"featured_media":0,"parent":0,"menu_order":0,"comment_status":"closed","ping_status":"closed","template":"","meta":{"_et_pb_use_builder":"on","_et_pb_old_content":"","_et_gb_content_width":"","footnotes":""},"class_list":["post-226151","page","type-page","status-publish","hentry"],"yoast_head":"<!-- This site is optimized with the Yoast SEO plugin v27.5 - https:\/\/yoast.com\/product\/yoast-seo-wordpress\/ -->\n<title>Pol\u00edtica de qualitat - Cl\u00ednica Sant Antoni<\/title>\n<meta name=\"robots\" content=\"index, follow, max-snippet:-1, max-image-preview:large, max-video-preview:-1\" \/>\n<link rel=\"canonical\" href=\"https:\/\/www.csantantoni.com\/politica-de-calidad\/\" \/>\n<meta property=\"og:locale\" content=\"ca_ES\" \/>\n<meta property=\"og:type\" content=\"article\" \/>\n<meta property=\"og:title\" content=\"Pol\u00edtica de qualitat - Cl\u00ednica Sant Antoni\" \/>\n<meta property=\"og:description\" content=\"Pol\u00edtica de qualitatPol\u00edtica de qualitatA continuaci\u00f3 es descriu la Pol\u00edtica de la Qualitat de CL\u00cdNICA SANT ANTONI, que estableix els fonaments de la qualitat del servei i que estableix els objectius per a la millora cont\u00ednua del Sistema de Gesti\u00f3 de la Qualitat:&nbsp; Aconseguir la satisfacci\u00f3 d&#039;usuaris i fam\u00edlies Recuperaci\u00f3 funcional i cognitiva dels pacients [&hellip;]\" \/>\n<meta property=\"og:url\" content=\"https:\/\/www.csantantoni.com\/politica-de-calidad\/\" \/>\n<meta property=\"og:site_name\" content=\"Cl\u00ednica Sant Antoni\" \/>\n<meta property=\"article:modified_time\" content=\"2026-02-02T11:49:20+00:00\" \/>\n<meta name=\"twitter:card\" content=\"summary_large_image\" \/>\n<meta name=\"twitter:label1\" content=\"Temps estimat de lectura\" \/>\n\t<meta name=\"twitter:data1\" content=\"2 minuts\" \/>\n<script type=\"application\/ld+json\" class=\"yoast-schema-graph\">{\"@context\":\"https:\\\/\\\/schema.org\",\"@graph\":[{\"@type\":\"WebPage\",\"@id\":\"https:\\\/\\\/www.csantantoni.com\\\/politica-de-calidad\\\/\",\"url\":\"https:\\\/\\\/www.csantantoni.com\\\/politica-de-calidad\\\/\",\"name\":\"Pol\u00edtica de qualitat - Cl\u00ednica Sant Antoni\",\"isPartOf\":{\"@id\":\"https:\\\/\\\/www.csantantoni.com\\\/#website\"},\"datePublished\":\"2022-12-14T13:24:11+00:00\",\"dateModified\":\"2026-02-02T11:49:20+00:00\",\"breadcrumb\":{\"@id\":\"https:\\\/\\\/www.csantantoni.com\\\/politica-de-calidad\\\/#breadcrumb\"},\"inLanguage\":\"ca\",\"potentialAction\":[{\"@type\":\"ReadAction\",\"target\":[\"https:\\\/\\\/www.csantantoni.com\\\/politica-de-calidad\\\/\"]}]},{\"@type\":\"BreadcrumbList\",\"@id\":\"https:\\\/\\\/www.csantantoni.com\\\/politica-de-calidad\\\/#breadcrumb\",\"itemListElement\":[{\"@type\":\"ListItem\",\"position\":1,\"name\":\"Portada\",\"item\":\"https:\\\/\\\/www.csantantoni.com\\\/\"},{\"@type\":\"ListItem\",\"position\":2,\"name\":\"Pol\u00edtica de qualitat\"}]},{\"@type\":\"WebSite\",\"@id\":\"https:\\\/\\\/www.csantantoni.com\\\/#website\",\"url\":\"https:\\\/\\\/www.csantantoni.com\\\/\",\"name\":\"Cl\u00ednica Sant Antoni\",\"description\":\"Web de Cl\u00ednica Sant Antoni\",\"publisher\":{\"@id\":\"https:\\\/\\\/www.csantantoni.com\\\/#organization\"},\"potentialAction\":[{\"@type\":\"SearchAction\",\"target\":{\"@type\":\"EntryPoint\",\"urlTemplate\":\"https:\\\/\\\/www.csantantoni.com\\\/?s={search_term_string}\"},\"query-input\":{\"@type\":\"PropertyValueSpecification\",\"valueRequired\":true,\"valueName\":\"search_term_string\"}}],\"inLanguage\":\"ca\"},{\"@type\":\"Organization\",\"@id\":\"https:\\\/\\\/www.csantantoni.com\\\/#organization\",\"name\":\"Cl\u00ednica Sant Antoni\",\"url\":\"https:\\\/\\\/www.csantantoni.com\\\/\",\"logo\":{\"@type\":\"ImageObject\",\"inLanguage\":\"ca\",\"@id\":\"https:\\\/\\\/www.csantantoni.com\\\/#\\\/schema\\\/logo\\\/image\\\/\",\"url\":\"https:\\\/\\\/www.csantantoni.com\\\/wp-content\\\/uploads\\\/2022\\\/10\\\/clinica-sant-antoni-01.jpg\",\"contentUrl\":\"https:\\\/\\\/www.csantantoni.com\\\/wp-content\\\/uploads\\\/2022\\\/10\\\/clinica-sant-antoni-01.jpg\",\"width\":1980,\"height\":1315,\"caption\":\"Cl\u00ednica Sant Antoni\"},\"image\":{\"@id\":\"https:\\\/\\\/www.csantantoni.com\\\/#\\\/schema\\\/logo\\\/image\\\/\"}}]}<\/script>\n<!-- \/ Yoast SEO plugin. -->","yoast_head_json":{"title":"Pol\u00edtica de qualitat - Cl\u00ednica Sant Antoni","robots":{"index":"index","follow":"follow","max-snippet":"max-snippet:-1","max-image-preview":"max-image-preview:large","max-video-preview":"max-video-preview:-1"},"canonical":"https:\/\/www.csantantoni.com\/politica-de-calidad\/","og_locale":"ca_ES","og_type":"article","og_title":"Pol\u00edtica de qualitat - Cl\u00ednica Sant Antoni","og_description":"Pol\u00edtica de qualitatPol\u00edtica de qualitatA continuaci\u00f3 es descriu la Pol\u00edtica de la Qualitat de CL\u00cdNICA SANT ANTONI, que estableix els fonaments de la qualitat del servei i que estableix els objectius per a la millora cont\u00ednua del Sistema de Gesti\u00f3 de la Qualitat:&nbsp; Aconseguir la satisfacci\u00f3 d'usuaris i fam\u00edlies Recuperaci\u00f3 funcional i cognitiva dels pacients [&hellip;]","og_url":"https:\/\/www.csantantoni.com\/politica-de-calidad\/","og_site_name":"Cl\u00ednica Sant Antoni","article_modified_time":"2026-02-02T11:49:20+00:00","twitter_card":"summary_large_image","twitter_misc":{"Temps estimat de lectura":"2 minuts"},"schema":{"@context":"https:\/\/schema.org","@graph":[{"@type":"WebPage","@id":"https:\/\/www.csantantoni.com\/politica-de-calidad\/","url":"https:\/\/www.csantantoni.com\/politica-de-calidad\/","name":"Pol\u00edtica de qualitat - Cl\u00ednica Sant Antoni","isPartOf":{"@id":"https:\/\/www.csantantoni.com\/#website"},"datePublished":"2022-12-14T13:24:11+00:00","dateModified":"2026-02-02T11:49:20+00:00","breadcrumb":{"@id":"https:\/\/www.csantantoni.com\/politica-de-calidad\/#breadcrumb"},"inLanguage":"ca","potentialAction":[{"@type":"ReadAction","target":["https:\/\/www.csantantoni.com\/politica-de-calidad\/"]}]},{"@type":"BreadcrumbList","@id":"https:\/\/www.csantantoni.com\/politica-de-calidad\/#breadcrumb","itemListElement":[{"@type":"ListItem","position":1,"name":"Portada","item":"https:\/\/www.csantantoni.com\/"},{"@type":"ListItem","position":2,"name":"Pol\u00edtica de qualitat"}]},{"@type":"WebSite","@id":"https:\/\/www.csantantoni.com\/#website","url":"https:\/\/www.csantantoni.com\/","name":"Cl\u00ednica Sant Antoni","description":"Web de Cl\u00ednica Sant Antoni","publisher":{"@id":"https:\/\/www.csantantoni.com\/#organization"},"potentialAction":[{"@type":"SearchAction","target":{"@type":"EntryPoint","urlTemplate":"https:\/\/www.csantantoni.com\/?s={search_term_string}"},"query-input":{"@type":"PropertyValueSpecification","valueRequired":true,"valueName":"search_term_string"}}],"inLanguage":"ca"},{"@type":"Organization","@id":"https:\/\/www.csantantoni.com\/#organization","name":"Cl\u00ednica Sant Antoni","url":"https:\/\/www.csantantoni.com\/","logo":{"@type":"ImageObject","inLanguage":"ca","@id":"https:\/\/www.csantantoni.com\/#\/schema\/logo\/image\/","url":"https:\/\/www.csantantoni.com\/wp-content\/uploads\/2022\/10\/clinica-sant-antoni-01.jpg","contentUrl":"https:\/\/www.csantantoni.com\/wp-content\/uploads\/2022\/10\/clinica-sant-antoni-01.jpg","width":1980,"height":1315,"caption":"Cl\u00ednica Sant Antoni"},"image":{"@id":"https:\/\/www.csantantoni.com\/#\/schema\/logo\/image\/"}}]}},"_links":{"self":[{"href":"https:\/\/www.csantantoni.com\/ca\/wp-json\/wp\/v2\/pages\/226151","targetHints":{"allow":["GET"]}}],"collection":[{"href":"https:\/\/www.csantantoni.com\/ca\/wp-json\/wp\/v2\/pages"}],"about":[{"href":"https:\/\/www.csantantoni.com\/ca\/wp-json\/wp\/v2\/types\/page"}],"author":[{"embeddable":true,"href":"https:\/\/www.csantantoni.com\/ca\/wp-json\/wp\/v2\/users\/2"}],"replies":[{"embeddable":true,"href":"https:\/\/www.csantantoni.com\/ca\/wp-json\/wp\/v2\/comments?post=226151"}],"version-history":[{"count":7,"href":"https:\/\/www.csantantoni.com\/ca\/wp-json\/wp\/v2\/pages\/226151\/revisions"}],"predecessor-version":[{"id":249185,"href":"https:\/\/www.csantantoni.com\/ca\/wp-json\/wp\/v2\/pages\/226151\/revisions\/249185"}],"wp:attachment":[{"href":"https:\/\/www.csantantoni.com\/ca\/wp-json\/wp\/v2\/media?parent=226151"}],"curies":[{"name":"wp","href":"https:\/\/api.w.org\/{rel}","templated":true}]}}