{"id":226157,"date":"2022-12-19T10:54:25","date_gmt":"2022-12-19T10:54:25","guid":{"rendered":"https:\/\/www.csantantoni.com\/politica-de-privacitat\/"},"modified":"2026-02-17T11:55:41","modified_gmt":"2026-02-17T11:55:41","slug":"politica-de-privacitat","status":"publish","type":"page","link":"https:\/\/www.csantantoni.com\/ca\/politica-de-privacitat\/","title":{"rendered":"Pol\u00edtica de privacitat"},"content":{"rendered":"<p>[et_pb_section fb_built=&#8221;1&#8243; custom_padding_last_edited=&#8221;on|phone&#8221; admin_label=&#8221;Header&#8221; _builder_version=&#8221;4.19.5&#8243; _module_preset=&#8221;default&#8221; background_color=&#8221;#E1E9E5&#8243; background_image=&#8221;https:\/\/www.csantantoni.com\/wp-content\/uploads\/2023\/01\/politica_de_privacidad.jpg&#8221; max_height_tablet=&#8221;&#8221; max_height_phone=&#8221;420px&#8221; max_height_last_edited=&#8221;on|phone&#8221; overflow-x=&#8221;hidden&#8221; overflow-y=&#8221;hidden&#8221; custom_padding=&#8221;175px||240px||false|false&#8221; custom_padding_tablet=&#8221;175px||240px||false|false&#8221; custom_padding_phone=&#8221;175px||100px||false|false&#8221; collapsed=&#8221;off&#8221; global_colors_info=&#8221;{}&#8221;][et_pb_row _builder_version=&#8221;4.19.5&#8243; _module_preset=&#8221;default&#8221; background_color=&#8221;rgba(0,0,0,0.2)&#8221; width_tablet=&#8221;&#8221; width_phone=&#8221;100%&#8221; width_last_edited=&#8221;on|phone&#8221; custom_padding=&#8221;0px|||||&#8221; global_colors_info=&#8221;{}&#8221;][et_pb_column type=&#8221;4_4&#8243; _builder_version=&#8221;4.17.4&#8243; _module_preset=&#8221;default&#8221; global_colors_info=&#8221;{}&#8221;][et_pb_text _builder_version=&#8221;4.19.5&#8243; _module_preset=&#8221;c16985e1-e0d6-4022-964d-e2bfc04fa633&#8243; text_text_color=&#8221;#000000&#8243; header_font=&#8221;Montserrat|700|||||||&#8221; header_text_align=&#8221;right&#8221; header_text_color=&#8221;#FFFFFF&#8221; header_font_size=&#8221;96px&#8221; header_line_height=&#8221;0.9em&#8221; text_orientation=&#8221;center&#8221; custom_padding=&#8221;20px||20px|20px|true|false&#8221; header_font_size_tablet=&#8221;40px&#8221; header_font_size_phone=&#8221;30px&#8221; header_font_size_last_edited=&#8221;on|phone&#8221; global_colors_info=&#8221;{}&#8221;]<\/p>\n<h1 style=\"text-align: left;\">Pol\u00edtica de privacitat<\/h1>\n<p>[\/et_pb_text][\/et_pb_column][\/et_pb_row][\/et_pb_section][et_pb_section fb_built=&#8221;1&#8243; admin_label=&#8221;About&#8221; _builder_version=&#8221;4.17.4&#8243; _module_preset=&#8221;default&#8221; custom_padding=&#8221;78px||62px|||&#8221; locked=&#8221;off&#8221; collapsed=&#8221;on&#8221; global_colors_info=&#8221;{}&#8221;][et_pb_row _builder_version=&#8221;4.18.0&#8243; _module_preset=&#8221;default&#8221; global_colors_info=&#8221;{}&#8221;][et_pb_column type=&#8221;4_4&#8243; _builder_version=&#8221;4.18.0&#8243; _module_preset=&#8221;default&#8221; global_colors_info=&#8221;{}&#8221;][et_pb_text _builder_version=&#8221;4.19.4&#8243; _module_preset=&#8221;83d94e9b-bff8-4c15-9e33-e7b1a7a21887&#8243; header_2_font=&#8221;Montserrat|600|||||||&#8221; header_2_text_align=&#8221;center&#8221; header_2_text_color=&#8221;#006535&#8243; header_2_font_size=&#8221;48px&#8221; header_2_letter_spacing=&#8221;-1px&#8221; header_2_line_height=&#8221;1.2em&#8221; custom_margin=&#8221;||15px||false|false&#8221; header_2_font_size_tablet=&#8221;32px&#8221; header_2_font_size_phone=&#8221;20px&#8221; header_2_font_size_last_edited=&#8221;on|phone&#8221; locked=&#8221;off&#8221; global_colors_info=&#8221;{}&#8221;]<\/p>\n<h2 style=\"text-align: center;\">Pol\u00edtica de privacitat<\/h2>\n<p>[\/et_pb_text][et_pb_text _builder_version=&#8221;4.19.4&#8243; _module_preset=&#8221;default&#8221; text_font=&#8221;Montserrat||||||||&#8221; global_colors_info=&#8221;{}&#8221;]<\/p>\n<p>La confidencialitat i la seguretat s\u00f3n valors primordials de HUCASVE, S.L. (\u201cHUCASVE\u201d o \u201cCL\u00cdNICA SANT ANTONI\u201d) i, en conseq\u00fc\u00e8ncia, assumim el comprom\u00eds de garantir la privacitat de les dades personals dels nostres clients en tot moment i de no recaptar informaci\u00f3 innecess\u00e0ria.<\/p>\n<p>A continuaci\u00f3, li proporcionem tota la informaci\u00f3 necess\u00e0ria sobre la nostra Pol\u00edtica de Privacitat en relaci\u00f3 amb les dades personals que recaptem, explicant-los:<br \/>\u2022 Qui \u00e9s el responsable del tractament de les seves dades.<br \/>\u2022 Per a quins fins demanem les dades que li demanem.<br \/>\u2022 Quina \u00e9s la legitimaci\u00f3 per al seu tractament.<br \/>\u2022 Durant quant temps els conservem.<br \/>\u2022 A quins destinataris es comuniquen les seves dades.<br \/>\u2022 Quins s\u00f3n els seus drets.<\/p>\n<h3>Qui \u00e9s el responsable del tractament de les dades personals?<\/h3>\n<p><strong>Ra\u00f3 social:<\/strong> HUCASVE, S.L. (\u201cHUCASVE\u201d o \u201cCL\u00cdNICA SANT ANTONI\u201d)<br \/><strong>NIF<\/strong>: B-08108904<br \/><strong>Adre\u00e7a<\/strong>: C\/ Sant Eloi 6-8, 08038 de Barcelona<br \/><strong>Contacte:<\/strong> <a href=\"mailto:info@csantantoni.com\">info@csantantoni.com<\/a><\/p>\n<h3>Qui vetllar\u00e0 per les teves dades?<\/h3>\n<p><span>El Delegat de Protecci\u00f3 de Dades de<\/span> <span>HUCASVE<\/span><span>( d&#8217;aqu\u00ed en endavant<\/span>) <span>DPD)<\/span>,<span>ser\u00e0 el garant dins d&#8217;<\/span><span>HUCASVE <\/span><span>del compliment de la normativa de la protecci\u00f3 de dades.<\/span><\/p>\n<p><span>Podr\u00e0s contactar amb el Delegat de Protecci\u00f3 de Dades en la seg\u00fcent adre\u00e7a:<\/span><br \/><span><strong>Correu electr\u00f2nic:<\/strong><\/span><span>dpo-center@ingecal<\/span><span>.cat<\/span><br \/><span><strong>Correu postal:<\/strong> Avda.<\/span><span>Cerdanyola<\/span><span> 98, <\/span><span>esc<\/span><span> B, 4.\u00ba pis, oficina 18 \u2013 Edifici Collserola. 08173 <\/span><span>Sant Cugat del Vall\u00e8s (Barcelona)<\/span><\/p>\n<h3>Qui s\u00f3n els col\u00b7lectius d&#8217;interessats?<\/h3>\n<p>Les dades de car\u00e0cter personal tractats s\u00f3n aquelles de:<br \/>\u2022 Persones que ens han proporcionat les seves dades en els diferents formularis de la web per a realitzar consultes o obtenir informaci\u00f3 sobre els nostres serveis i activitats.<br \/><span>\u2022 Persones que es volen enviar les seves candidatures a processos de selecci\u00f3 de personal.<\/span><\/p>\n<h3>Amb quins fins i legitimaci\u00f3 utilitzem les dades personals?<\/h3>\n<p>A HUCASVE tractem les dades personals per a respondre a les demandes d&#8217;informaci\u00f3 o respondre a les teves sol\u00b7licituds.<br \/>Aquestes dades de car\u00e0cter personal seran tractats per a les finalitats leg\u00edtimes que s&#8217;indiquen a continuaci\u00f3.<br \/><strong>\u2022 Resposta a sol\u00b7licituds d&#8217;informaci\u00f3 o de contacte<\/strong><br \/>A HUCASVE utilitzarem les dades de contacte proporcionats per a respondre a les seves sol\u00b7licituds i consultes respecte als nostres productes i serveis, ja siguin realitzades mitjan\u00e7ant el formulari disponible en la web o dirigides a les adreces de correu electr\u00f2nic de contacte que hi ha publicades.<br \/><strong>Legitimaci\u00f3:<\/strong><br \/>\u25e6 Inter\u00e8s leg\u00edtim de HUCASVE per a aquest tractament de dades tenint en compte les expectatives raonables dels interessats a rebre una resposta a les seves peticions.<br \/>\u25e6 Consentiment donat lliurement per l&#8217;interessat qui envia les seves dades mitjan\u00e7ant el formulari proporcionat espec\u00edficament per a aquest prop\u00f2sit.<\/p>\n<p><b>\u2022 Enviament de candidatures a processos de selecci\u00f3 oberts<\/b><br \/><span>Es tractaran les dades personals de les persones que volen presentar la seva candidatura als<\/span><span> processos de selecci\u00f3 oberts per <\/span><span>HUCASVE<\/span><span> amb la finalitat de validar les candidatures a les <\/span><span>posicions a les que apliquen.<br \/><\/span><strong>Legitimaci\u00f3:<\/strong><br \/>\u25e6 Inter\u00e8s leg\u00edtim de HUCASVE per gestionar les candidatures als processos de selecci\u00f3 oberts i tenint en compte les expectatives raonables dels interessats a participar en aquests processos.<br \/>\u25e6 Tractament necessari per a l&#8217;execuci\u00f3 d&#8217;un contracte en el qual l&#8217;interessat \u00e9s part o per a l&#8217;aplicaci\u00f3 a petici\u00f3 d&#8217;aquest de mesures precontractuals.<br \/>\u25e6 Consentiment expressat pels interessats al proporcionar les seves dades mitjan\u00e7ant el formulari espec\u00edfic per a aquesta finalitat o enviades a l\u2019adre\u00e7a de correu electr\u00f2nic del departament de Recursos Humans.<\/p>\n<p><strong>Dades tractades:<\/strong><br \/>\u25e6 <span>Dades d&#8217; identificaci\u00f3: Nom i cognoms<\/span><br \/><span>\u25e6 Dades de contacte: Adre\u00e7a d&#8217; email i tel\u00e8fon de contacte<\/span><br \/><span>\u25e6 Situaci\u00f3 laboral: categoria laboral<\/span><br \/><span>\u25e6 Curr\u00edculum i carta de presentaci\u00f3<\/span><\/p>\n<p><strong>\u2022 Anal\u00edtiques de visites al lloc web<\/strong><br \/>HUCASVE fa \u00fas de diverses t\u00e8cniques per a recollir informaci\u00f3 que pugui ser utilitzada per a obtenir dades anal\u00edtiques de les visites i navegaci\u00f3 per les p\u00e0gines dels nostres llocs web.<br \/>Aquestes anal\u00edtiques es recolzen en l&#8217;\u00fas de serveis externs que disposen de la seva pr\u00f2pia pol\u00edtica de privacitat:<br \/>\u25e6 Google Analytics (https:\/\/policies.google.com\/technologies\/partner-sites)<br \/>\u00c9s important remarcar que, tal com indiquen les seves pol\u00edtiques de privacitat, aquestes empreses poden creuar les dades de navegaci\u00f3 amb els seus registres interns a fi d&#8217;utilitzar-los per a la personalitzaci\u00f3 d&#8217;anuncis, encara que no es tingui un compte registrat per als seus serveis.<br \/><strong>Legitimaci\u00f3:<\/strong><br \/>\u25e6 Inter\u00e8s leg\u00edtim de HUCASVE per a obtenir informaci\u00f3 anal\u00edtica sobre l&#8217;\u00fas del lloc web per part dels visitants.<br \/>\u25e6 \/* Si la IP no \u00e9s an\u00f2nima *\/ Consentiment donat per a l&#8217;\u00fas de cookies i obtenci\u00f3 de dades de navegaci\u00f3.<br \/>A m\u00e9s de l&#8217;anterior, HUCASVE podr\u00e0 dur a terme altres tractaments de les dades personals. En aquest cas l&#8217;interessat rebr\u00e0 la informaci\u00f3 necess\u00e0ria en relaci\u00f3 a aquests tractaments i HUCASVE sol\u00b7licitar\u00e0 el seu consentiment si aix\u00ed resulta necessari.<\/p>\n<h3>Durant quant temps conservar\u00e0 HUCASVE les dades?<\/h3>\n<p>En general, les dades es conservaran durant el temps que sigui necessari per a complir amb la finalitat per a la qual es van demanar i per a determinar les possibles responsabilitats que es puguin derivar d&#8217;aquesta finalitat i del tractament de les dades.<br \/>Entre altres, implica que HUCASVE conservar\u00e0 les dades personals dels interessats pel temps que duri la vinculaci\u00f3 amb nosaltres i, en el seu cas, durant el per\u00edode que resulti necessari per a la formulaci\u00f3, l&#8217;exercici o la defensa de potencials reclamacions, o per a complir amb les obligacions legals que determini la legislaci\u00f3 aplicable.<br \/>Una vegada finalitzat aquest termini, HUCASVE es compromet a cessar el tractament de totes les dades personals, destruir-los, bloquejar-los o anonimitzar-los en la mesura que sigui possible per a la finalitat per a la qual es conservessin.<\/p>\n<p><span>En el cas de les dades dels candidats que ens envien les seves candidatures a processos de <\/span><span>selecci\u00f3, les seves dades es mantindran un m\u00e0xim de 1 any si no han estat admesos en cap <\/span><span>proc\u00e9s de selecci\u00f3 durant aquest per\u00edode o l\u2019interessat no hagi donat el seu consentiment <\/span><span>per a la seva conservaci\u00f3 per un per\u00edode m\u00e9s prolongat.<\/span><\/p>\n<h3>A qui es comunicaran les dades?<\/h3>\n<p>Les dades personals no se cediran a tercers, tret que sigui necessari per a donar resposta a la sol\u00b7licitud, estiguem obligats per una llei o l&#8217;interessat ens hagi donat el seu consentiment.<br \/>Tamb\u00e9 pot ser que comuniquem les dades empreses que ens presten serveis relacionats amb l&#8217;activitat ordin\u00e0ria i administrativa de l&#8217;empresa en qualitat d&#8217;encarregats de tractament, nacionals o internacionals, en el marc de la prestaci\u00f3 de serveis com ara, entre altres, prove\u00efdors de serveis de transport o prove\u00efdors d&#8217;allotjament web.<br \/>La prestaci\u00f3 d&#8217;aquests serveis pot implicar el tractament de les dades personals per part d&#8217;empreses situades en pa\u00efsos fora de l&#8217;Espai Econ\u00f2mic Europeu (transfer\u00e8ncies internacionals de dades). No obstant aix\u00f2, nom\u00e9s es realitzar\u00e0 amb pa\u00efsos que ofereixen un nivell adequat de protecci\u00f3 o que hagin posat a la nostra disposici\u00f3 Cl\u00e0usules Contractuals Tipus (Standard Contractual Clauses \u2013 SCC) d&#8217;acord amb la decisi\u00f3 de la Comissi\u00f3 Europea per a transfer\u00e8ncies de dades des de responsables a la UE a encarregats establerts fora de la UE.<\/p>\n<p><span>A continuaci\u00f3, es relacionen els prove\u00efdors de serveis vinculats al lloc web de <\/span><span>HUCASVE<\/span><span>: <\/span><\/p>\n<p><span>Google Inc Prove\u00efdor del servei d&#8217;anal\u00edtiques d&#8217;\u00fas web (<a href=\"https:\/\/privacy.google.com\/businesses\/processorterms\/\">https:\/\/privacy.google.com\/businesses\/processorterms\/<\/a>)<\/span><\/p>\n<h3>Quins s\u00f3n els drets dels interessats quan ens faciliten les seves dades?<\/h3>\n<p>En qualsevol moment l&#8217;interessat pot exercir els seus drets d&#8217;acc\u00e9s, rectificaci\u00f3, supressi\u00f3 i portabilitat de les dades personals tractats per HUCASVE, aix\u00ed com els d&#8217;oposici\u00f3 i limitaci\u00f3 del seu tractament.<br \/>Aquests drets podran ser exercit gratu\u00eftament per l&#8217;interessat, i si escau per qui el representi, mitjan\u00e7ant sol\u00b7licitud escrita i signada, acompanyada de c\u00f2pia del seu DNI o document equivalent que acrediti la seva identitat, dirigida a<br \/>\u2022 <strong>Per correu electr\u00f2nic:<\/strong> <a href=\"mailto:dpd@csantantoni.com\">dpo-center@ingecal.cat<\/a><br \/>\u2022 <strong>Per correu postal:<\/strong> <span>Avda.<\/span><span>Cerdanyola<\/span><span> 98, <\/span><span>esc<\/span><span> B, 4.\u00ba pis, oficina 18 \u2013 Edifici Collserola. 08173<\/span><br \/><span>Sant Cugat del Vall\u00e8s (Barcelona)\u00a0<\/span><br \/>En el cas de representaci\u00f3, s&#8217;haur\u00e0 de provar mitjan\u00e7ant document escrit i adjuntant c\u00f2pia del DNI o document equivalent que acrediti la seva representaci\u00f3.<br \/>A m\u00e9s dels anteriors drets, l&#8217;interessat tindr\u00e0 dret a retirar el consentiment atorgat en qualsevol moment mitjan\u00e7ant el procediment abans descrit, sense que aquesta retirada de consentiment afecti la licitud del tractament anterior a la retirada d&#8217;aquest. HUCASVE podr\u00e0 continuar tractant les dades personals de l&#8217;interessat en la mesura que la llei aplicable ho permeti o persisteixi qualsevol altra legitimaci\u00f3 que el justifiqui.<br \/>HUCASVE recorda a l&#8217;interessat que t\u00e9 dret a presentar una reclamaci\u00f3 davant l&#8217;autoritat de control pertinent (Ag\u00e8ncia Espanyola de Protecci\u00f3 de Dades).<\/p>\n<h3>Actualitzaci\u00f3 de les seves dades<\/h3>\n<p>\u00c9s important que perqu\u00e8 puguem mantenir les seves dades personals actualitzades, ens informi sempre que hi hagi hagut alguna modificaci\u00f3 en ells. En cas contrari, no responem de la veracitat dels mateixos i les implicacions que pugui tenir en el seu tractament.<br \/>Seguretat en el tractament i cust\u00f2dia de dades HUCASVE declara que ha aplicat les mesures t\u00e8cniques i organitzatives apropiades per a garantir i poder demostrar que el tractament \u00e9s conforme amb la legislaci\u00f3 vigent i que es garanteix la protecci\u00f3 dels drets dels interessats.<br \/>Per a aix\u00f2 ha implantat un Sistema de Gesti\u00f3 de la Protecci\u00f3 de Dades Personals per a determinar i aplicar els mitjans t\u00e8cnics i organitzatius al seu abast per a evitar la p\u00e8rdua, mal \u00fas, alteraci\u00f3, acc\u00e9s no autoritzat i robatori de les dades facilitades pels usuaris, sense perjudici d&#8217;informar que les mesures de seguretat en Internet no s\u00f3n inexpugnables.<\/p>\n<h3>\u00das de cookies<\/h3>\n<p>Aquest lloc web, igual que la majoria dels llocs web en Internet, usa cookies per a millorar l&#8217;experi\u00e8ncia de l&#8217;usuari. En la nostra Pol\u00edtica de Cookies trobar\u00e0 informaci\u00f3 sobre qu\u00e8 s\u00f3n les cookies, quin tipus de cookies utilitza aquest portal, com pot desactivar les cookies en el seu navegador i com desactivar espec\u00edficament la instal\u00b7laci\u00f3 de cookies de tercers.<br \/>Preguem que llegeixi atentament la nostra Pol\u00edtica de Cookies abans de continuar navegant en el nostre lloc web.<\/p>\n<h3>Modificaci\u00f3 de la Pol\u00edtica de Privacitat<\/h3>\n<p>HUCASVE pot modificar la seva Pol\u00edtica de Privacitat d&#8217;acord amb la legislaci\u00f3 aplicable a cada moment. En tot cas, qualsevol modificaci\u00f3 de la Pol\u00edtica de Privacitat li ser\u00e0 degudament notificada perqu\u00e8 quedi informat dels canvis realitzats en el tractament de les seves dades personals i, en cas que la normativa aplicable aix\u00ed ho exigeixi, l&#8217;interessat pugui confirmar el seu consentiment.<\/p>\n<p>[\/et_pb_text][\/et_pb_column][\/et_pb_row][\/et_pb_section]<\/p>\n","protected":false},"excerpt":{"rendered":"<p>Pol\u00edtica de privacitatPol\u00edtica de privacitatLa confidencialitat i la seguretat s\u00f3n valors primordials de HUCASVE, S.L. (\u201cHUCASVE\u201d o \u201cCL\u00cdNICA SANT ANTONI\u201d) i, en conseq\u00fc\u00e8ncia, assumim el comprom\u00eds de garantir la privacitat de les dades personals dels nostres clients en tot moment i de no recaptar informaci\u00f3 innecess\u00e0ria. A continuaci\u00f3, li proporcionem tota la informaci\u00f3 necess\u00e0ria sobre [&hellip;]<\/p>\n","protected":false},"author":2,"featured_media":0,"parent":0,"menu_order":0,"comment_status":"closed","ping_status":"closed","template":"","meta":{"_et_pb_use_builder":"on","_et_pb_old_content":"","_et_gb_content_width":"","footnotes":""},"class_list":["post-226157","page","type-page","status-publish","hentry"],"yoast_head":"<!-- This site is optimized with the Yoast SEO plugin v27.5 - https:\/\/yoast.com\/product\/yoast-seo-wordpress\/ -->\n<title>Pol\u00edtica de privacitat - Cl\u00ednica Sant Antoni<\/title>\n<meta name=\"robots\" content=\"index, follow, max-snippet:-1, max-image-preview:large, max-video-preview:-1\" \/>\n<link rel=\"canonical\" href=\"https:\/\/www.csantantoni.com\/ca\/politica-de-privacitat\/\" \/>\n<meta property=\"og:locale\" content=\"ca_ES\" \/>\n<meta property=\"og:type\" content=\"article\" \/>\n<meta property=\"og:title\" content=\"Pol\u00edtica de privacitat - Cl\u00ednica Sant Antoni\" \/>\n<meta property=\"og:description\" content=\"Pol\u00edtica de privacitatPol\u00edtica de privacitatLa confidencialitat i la seguretat s\u00f3n valors primordials de HUCASVE, S.L. (\u201cHUCASVE\u201d o \u201cCL\u00cdNICA SANT ANTONI\u201d) i, en conseq\u00fc\u00e8ncia, assumim el comprom\u00eds de garantir la privacitat de les dades personals dels nostres clients en tot moment i de no recaptar informaci\u00f3 innecess\u00e0ria. A continuaci\u00f3, li proporcionem tota la informaci\u00f3 necess\u00e0ria sobre [&hellip;]\" \/>\n<meta property=\"og:url\" content=\"https:\/\/www.csantantoni.com\/ca\/politica-de-privacitat\/\" \/>\n<meta property=\"og:site_name\" content=\"Cl\u00ednica Sant Antoni\" \/>\n<meta property=\"article:modified_time\" content=\"2026-02-17T11:55:41+00:00\" \/>\n<meta name=\"twitter:card\" content=\"summary_large_image\" \/>\n<meta name=\"twitter:label1\" content=\"Temps estimat de lectura\" \/>\n\t<meta name=\"twitter:data1\" content=\"11 minuts\" \/>\n<script type=\"application\/ld+json\" class=\"yoast-schema-graph\">{\"@context\":\"https:\\\/\\\/schema.org\",\"@graph\":[{\"@type\":\"WebPage\",\"@id\":\"https:\\\/\\\/www.csantantoni.com\\\/ca\\\/politica-de-privacitat\\\/\",\"url\":\"https:\\\/\\\/www.csantantoni.com\\\/ca\\\/politica-de-privacitat\\\/\",\"name\":\"Pol\u00edtica de privacitat - Cl\u00ednica Sant Antoni\",\"isPartOf\":{\"@id\":\"https:\\\/\\\/www.csantantoni.com\\\/#website\"},\"datePublished\":\"2022-12-19T10:54:25+00:00\",\"dateModified\":\"2026-02-17T11:55:41+00:00\",\"breadcrumb\":{\"@id\":\"https:\\\/\\\/www.csantantoni.com\\\/ca\\\/politica-de-privacitat\\\/#breadcrumb\"},\"inLanguage\":\"ca\",\"potentialAction\":[{\"@type\":\"ReadAction\",\"target\":[\"https:\\\/\\\/www.csantantoni.com\\\/ca\\\/politica-de-privacitat\\\/\"]}]},{\"@type\":\"BreadcrumbList\",\"@id\":\"https:\\\/\\\/www.csantantoni.com\\\/ca\\\/politica-de-privacitat\\\/#breadcrumb\",\"itemListElement\":[{\"@type\":\"ListItem\",\"position\":1,\"name\":\"Portada\",\"item\":\"https:\\\/\\\/www.csantantoni.com\\\/\"},{\"@type\":\"ListItem\",\"position\":2,\"name\":\"Pol\u00edtica de privacitat\"}]},{\"@type\":\"WebSite\",\"@id\":\"https:\\\/\\\/www.csantantoni.com\\\/#website\",\"url\":\"https:\\\/\\\/www.csantantoni.com\\\/\",\"name\":\"Cl\u00ednica Sant Antoni\",\"description\":\"Web de Cl\u00ednica Sant Antoni\",\"publisher\":{\"@id\":\"https:\\\/\\\/www.csantantoni.com\\\/#organization\"},\"potentialAction\":[{\"@type\":\"SearchAction\",\"target\":{\"@type\":\"EntryPoint\",\"urlTemplate\":\"https:\\\/\\\/www.csantantoni.com\\\/?s={search_term_string}\"},\"query-input\":{\"@type\":\"PropertyValueSpecification\",\"valueRequired\":true,\"valueName\":\"search_term_string\"}}],\"inLanguage\":\"ca\"},{\"@type\":\"Organization\",\"@id\":\"https:\\\/\\\/www.csantantoni.com\\\/#organization\",\"name\":\"Cl\u00ednica Sant Antoni\",\"url\":\"https:\\\/\\\/www.csantantoni.com\\\/\",\"logo\":{\"@type\":\"ImageObject\",\"inLanguage\":\"ca\",\"@id\":\"https:\\\/\\\/www.csantantoni.com\\\/#\\\/schema\\\/logo\\\/image\\\/\",\"url\":\"https:\\\/\\\/www.csantantoni.com\\\/wp-content\\\/uploads\\\/2022\\\/10\\\/clinica-sant-antoni-01.jpg\",\"contentUrl\":\"https:\\\/\\\/www.csantantoni.com\\\/wp-content\\\/uploads\\\/2022\\\/10\\\/clinica-sant-antoni-01.jpg\",\"width\":1980,\"height\":1315,\"caption\":\"Cl\u00ednica Sant Antoni\"},\"image\":{\"@id\":\"https:\\\/\\\/www.csantantoni.com\\\/#\\\/schema\\\/logo\\\/image\\\/\"}}]}<\/script>\n<!-- \/ Yoast SEO plugin. -->","yoast_head_json":{"title":"Pol\u00edtica de privacitat - Cl\u00ednica Sant Antoni","robots":{"index":"index","follow":"follow","max-snippet":"max-snippet:-1","max-image-preview":"max-image-preview:large","max-video-preview":"max-video-preview:-1"},"canonical":"https:\/\/www.csantantoni.com\/ca\/politica-de-privacitat\/","og_locale":"ca_ES","og_type":"article","og_title":"Pol\u00edtica de privacitat - Cl\u00ednica Sant Antoni","og_description":"Pol\u00edtica de privacitatPol\u00edtica de privacitatLa confidencialitat i la seguretat s\u00f3n valors primordials de HUCASVE, S.L. (\u201cHUCASVE\u201d o \u201cCL\u00cdNICA SANT ANTONI\u201d) i, en conseq\u00fc\u00e8ncia, assumim el comprom\u00eds de garantir la privacitat de les dades personals dels nostres clients en tot moment i de no recaptar informaci\u00f3 innecess\u00e0ria. A continuaci\u00f3, li proporcionem tota la informaci\u00f3 necess\u00e0ria sobre [&hellip;]","og_url":"https:\/\/www.csantantoni.com\/ca\/politica-de-privacitat\/","og_site_name":"Cl\u00ednica Sant Antoni","article_modified_time":"2026-02-17T11:55:41+00:00","twitter_card":"summary_large_image","twitter_misc":{"Temps estimat de lectura":"11 minuts"},"schema":{"@context":"https:\/\/schema.org","@graph":[{"@type":"WebPage","@id":"https:\/\/www.csantantoni.com\/ca\/politica-de-privacitat\/","url":"https:\/\/www.csantantoni.com\/ca\/politica-de-privacitat\/","name":"Pol\u00edtica de privacitat - Cl\u00ednica Sant Antoni","isPartOf":{"@id":"https:\/\/www.csantantoni.com\/#website"},"datePublished":"2022-12-19T10:54:25+00:00","dateModified":"2026-02-17T11:55:41+00:00","breadcrumb":{"@id":"https:\/\/www.csantantoni.com\/ca\/politica-de-privacitat\/#breadcrumb"},"inLanguage":"ca","potentialAction":[{"@type":"ReadAction","target":["https:\/\/www.csantantoni.com\/ca\/politica-de-privacitat\/"]}]},{"@type":"BreadcrumbList","@id":"https:\/\/www.csantantoni.com\/ca\/politica-de-privacitat\/#breadcrumb","itemListElement":[{"@type":"ListItem","position":1,"name":"Portada","item":"https:\/\/www.csantantoni.com\/"},{"@type":"ListItem","position":2,"name":"Pol\u00edtica de privacitat"}]},{"@type":"WebSite","@id":"https:\/\/www.csantantoni.com\/#website","url":"https:\/\/www.csantantoni.com\/","name":"Cl\u00ednica Sant Antoni","description":"Web de Cl\u00ednica Sant Antoni","publisher":{"@id":"https:\/\/www.csantantoni.com\/#organization"},"potentialAction":[{"@type":"SearchAction","target":{"@type":"EntryPoint","urlTemplate":"https:\/\/www.csantantoni.com\/?s={search_term_string}"},"query-input":{"@type":"PropertyValueSpecification","valueRequired":true,"valueName":"search_term_string"}}],"inLanguage":"ca"},{"@type":"Organization","@id":"https:\/\/www.csantantoni.com\/#organization","name":"Cl\u00ednica Sant Antoni","url":"https:\/\/www.csantantoni.com\/","logo":{"@type":"ImageObject","inLanguage":"ca","@id":"https:\/\/www.csantantoni.com\/#\/schema\/logo\/image\/","url":"https:\/\/www.csantantoni.com\/wp-content\/uploads\/2022\/10\/clinica-sant-antoni-01.jpg","contentUrl":"https:\/\/www.csantantoni.com\/wp-content\/uploads\/2022\/10\/clinica-sant-antoni-01.jpg","width":1980,"height":1315,"caption":"Cl\u00ednica Sant Antoni"},"image":{"@id":"https:\/\/www.csantantoni.com\/#\/schema\/logo\/image\/"}}]}},"_links":{"self":[{"href":"https:\/\/www.csantantoni.com\/ca\/wp-json\/wp\/v2\/pages\/226157","targetHints":{"allow":["GET"]}}],"collection":[{"href":"https:\/\/www.csantantoni.com\/ca\/wp-json\/wp\/v2\/pages"}],"about":[{"href":"https:\/\/www.csantantoni.com\/ca\/wp-json\/wp\/v2\/types\/page"}],"author":[{"embeddable":true,"href":"https:\/\/www.csantantoni.com\/ca\/wp-json\/wp\/v2\/users\/2"}],"replies":[{"embeddable":true,"href":"https:\/\/www.csantantoni.com\/ca\/wp-json\/wp\/v2\/comments?post=226157"}],"version-history":[{"count":14,"href":"https:\/\/www.csantantoni.com\/ca\/wp-json\/wp\/v2\/pages\/226157\/revisions"}],"predecessor-version":[{"id":249312,"href":"https:\/\/www.csantantoni.com\/ca\/wp-json\/wp\/v2\/pages\/226157\/revisions\/249312"}],"wp:attachment":[{"href":"https:\/\/www.csantantoni.com\/ca\/wp-json\/wp\/v2\/media?parent=226157"}],"curies":[{"name":"wp","href":"https:\/\/api.w.org\/{rel}","templated":true}]}}